{"id":662,"date":"2024-04-09T15:13:24","date_gmt":"2024-04-09T12:13:24","guid":{"rendered":"https:\/\/tukiry.net\/?page_id=662"},"modified":"2026-03-09T11:34:30","modified_gmt":"2026-03-09T09:34:30","slug":"jaseneksi","status":"publish","type":"page","link":"https:\/\/tukiry.net\/?page_id=662","title":{"rendered":"J\u00e4seneksi?"},"content":{"rendered":"\n<h2 class=\"wp-block-heading\">J\u00e4senhakemus<\/h2>\n\n\n\n<p>Helsingin seudun Ampumaurheilun Tuki ry:n (lyhyesti Tuen) j\u00e4seneksi liityt\u00e4\u00e4n tavallisimmin lajitutustumisen k\u00e4ymisen j\u00e4lkeen, mutta mik\u00e4li hakijalla on entuudestaan ampumakokemusta, suora liittyminen on my\u00f6s mahdollista.<\/p>\n\n\n\n<p>J\u00e4seneksi haetaan t\u00e4ytt\u00e4m\u00e4ll\u00e4 <a href=\"https:\/\/www.suomisport.fi\/events\/6b8efefc-6a4c-480e-8a63-16c8312e029f\">j\u00e4senhakemus<\/a> Suomisportissa. J\u00e4senhakemus k\u00e4sitell\u00e4\u00e4n seuraavassa hallituksen kokouksessa. J\u00e4seneksi hyv\u00e4ksymisest\u00e4 tiedotetaan s\u00e4hk\u00f6postitse.<\/p>\n\n\n\n<h2 class=\"wp-block-heading\">J\u00e4senen\u00e4 Helsingin seudun Ampumaurheilun Tuessa<\/h2>\n\n\n\n<p>J\u00e4senen\u00e4 sinulla on mahdollisuus harjoitella <a href=\"https:\/\/www.haukry.fi\/\">H\u00e4lv\u00e4l\u00e4n Ampumaurheilukeskuksen<\/a> radoilla. Yhdistyksen kannalta erityisesti 300 m rata on erityisen t\u00e4rke\u00e4. Se on t\u00e4ll\u00e4 hetkell\u00e4 ainoa 300 m rata Suomessa, jossa on elektroniset taululaitteet. Rata on ISSF:n kansainv\u00e4liset normit t\u00e4ytt\u00e4v\u00e4 ja radalla onkin j\u00e4rjestetty mm. sotilaiden maailmanmestaruuskilpailut ja useita Eurooppa Cuppeja. Talvella radan oikea puoli on kaikin puolin l\u00e4mmitetty lattial\u00e4mmityksin ja s\u00e4teilyl\u00e4mmittimin. Kylm\u00e4 ei taatusti tule. H\u00e4lv\u00e4l\u00e4n ampumaurheilukeskuksen omistaa Suomen Puolustusvoimat, joten radalla harjoittelu vaatii Suomen kansalaisuuden. Ampumaurheilukeskusta hallinnoi H\u00e4lv\u00e4l\u00e4n Ampumaurheilukeskus ry (HAUK). Tuki on HAUK:n j\u00e4sen ja sen my\u00f6t\u00e4 Tuen j\u00e4senien on mahdollisuus ostaa HAUK:n j\u00e4senkortti, joka mahdollistaa harjoittelun kaikilla H\u00e4lv\u00e4l\u00e4n radoilla paitsi haulikkoradalla. Esim. suosituin vaihtoehto on 7 kerran kortti, joka maksaa vuonna 2025 20\u20ac. Harjoittelu Tuessa on p\u00e4\u00e4osin omatoimista, mutta WhatsApp-ryhm\u00e4n kautta voi ilmoitella k\u00e4yv\u00e4ns\u00e4 treenamassa, jolloin voi saada kaverin jos toisen mukaan. T\u00e4ysi-ik\u00e4isen j\u00e4senen on mahdollista my\u00f6s hakea rinnakkaislupaa yhdistyksen aseeseen, jolloin aseen voi lainata yhdistykselt\u00e4 omaa harjoittelua varten veloituksetta.<\/p>\n\n\n\n<p>J\u00e4senill\u00e4mme ei ole mit\u00e4\u00e4n muita velvoitteita kuin vuosittaisen j\u00e4senmaksun suorittaminen. Liittymisvaiheessa tulee lis\u00e4ksi suorittaa liittymismaksu. Alla oma kappale maksuista.<\/p>\n\n\n\n<p>Yhdistys on noin 100 vuotta keskittynyt harjoittelemaan nelj\u00e4n vuoden v\u00e4lein j\u00e4rjestett\u00e4v\u00e4\u00e4 NHT-kilpailua eli Pohjoismaiden p\u00e4\u00e4kaupunkiottelua varten, ja aina itse vuorollaan my\u00f6s j\u00e4rjest\u00e4nyt niit\u00e4. Kilpailussa on perinteisesti ammuttu useita eri kilpailuita vakiokiv\u00e4\u00e4rill\u00e4 300 metriin ja pika-ammunta 150 metriin. Pohjoismaiden p\u00e4\u00e4kaupungit ovat suunnitelleet ottavansa yhdeksi lajiksi seuraavassa NHT-kilpailussa my\u00f6s pienoiskiv\u00e4\u00e4rin. Viimeisin yhdistyksemme j\u00e4rjest\u00e4m\u00e4 <a href=\"https:\/\/www.flickr.com\/photos\/144574760@N04\/albums\/72157672338132066\">NHT-kilpailu oli vuonna 2016 H\u00e4lv\u00e4l\u00e4ss\u00e4<\/a>. Koronan j\u00e4lkeen muilla p\u00e4\u00e4kaupungeilla on ollut haasteita jatkaa NHT-kilpailuperinnett\u00e4.<\/p>\n\n\n\n<p>Yhdistys j\u00e4rjest\u00e4\u00e4 kev\u00e4isin, kes\u00e4isin ja syksyisin <a href=\"https:\/\/tukiry.net\/?page_id=269\">lajitutustumisia<\/a> uusille j\u00e4senyydest\u00e4 kiinnostuneille. Tutustuminen on kaksiosainen: arki-iltana teoriaosio, jonka j\u00e4lkeen seuraavana lauantaina tai sunnuntaina ampumaosio radalla. Yhdistyksen omia kilpailuita ovat sarjakilpailu (vain j\u00e4senille) ja kaikille avoimet suuret kilpailut &#8221;<a href=\"https:\/\/tukiry.net\/?page_id=142\">Kew\u00e4t Pamaus<\/a>&#8221; ja &#8221;<a href=\"https:\/\/tukiry.net\/?page_id=544\">SyysPimennys<\/a>&#8221;. Kilpailut j\u00e4rjestet\u00e4\u00e4n H\u00e4lv\u00e4l\u00e4n 300 m radalla. Kilpailujen lis\u00e4ksi yhdistys pyrkii j\u00e4rjest\u00e4m\u00e4\u00e4n j\u00e4senilleen yhteistoimintaa. Esimerkiksi patruunoiden latauskurssi ja leirej\u00e4 on suunnitteilla.<\/p>\n\n\n\n<h2 class=\"wp-block-heading\">J\u00e4senmaksut vuonna 2025<\/h2>\n\n\n\n<p>Liittymismaksu (kertaluontoinen): 60 \u20ac<\/p>\n\n\n\n<p>J\u00e4senmaksu (vuosittainen): 30 \u20ac<\/p>\n\n\n\n<h2 class=\"wp-block-heading\">Muut yleisimm\u00e4t harrastusmaksut vuonna 2025<\/h2>\n\n\n\n<figure class=\"wp-block-table\"><table><tbody><tr><td>Aselaina sis. hihnan, hihnakiinnikkeen ja aseen puhdistusv\u00e4lineet (vaatii rinnakkaisluvan)<\/td><td>0 \u20ac<\/td><\/tr><tr><td>H\u00e4lv\u00e4l\u00e4n 7 kerran kortti<\/td><td>20 \u20ac<\/td><\/tr><tr><td>H\u00e4lv\u00e4l\u00e4n kes\u00e4kauden kortti (1.4.-30.10.)<\/td><td>40 \u20ac<\/td><\/tr><tr><td>H\u00e4lv\u00e4l\u00e4n koko vuoden kortti (1.4.-31.3.)<\/td><td>60 \u20ac<\/td><\/tr><\/tbody><\/table><\/figure>\n","protected":false},"excerpt":{"rendered":"<p>J\u00e4senhakemus Helsingin seudun Ampumaurheilun Tuki ry:n (lyhyesti Tuen) j\u00e4seneksi liityt\u00e4\u00e4n tavallisimmin lajitutustumisen k\u00e4ymisen j\u00e4lkeen, mutta mik\u00e4li hakijalla on entuudestaan ampumakokemusta, suora liittyminen on my\u00f6s mahdollista. J\u00e4seneksi haetaan t\u00e4ytt\u00e4m\u00e4ll\u00e4 j\u00e4senhakemus Suomisportissa. J\u00e4senhakemus k\u00e4sitell\u00e4\u00e4n seuraavassa hallituksen kokouksessa. J\u00e4seneksi hyv\u00e4ksymisest\u00e4 tiedotetaan s\u00e4hk\u00f6postitse. J\u00e4senen\u00e4 Helsingin seudun Ampumaurheilun Tuessa J\u00e4senen\u00e4 sinulla on mahdollisuus harjoitella H\u00e4lv\u00e4l\u00e4n &hellip; <\/p>\n","protected":false},"author":1,"featured_media":0,"parent":0,"menu_order":0,"comment_status":"closed","ping_status":"closed","template":"","meta":{"footnotes":""},"class_list":["post-662","page","type-page","status-publish","hentry"],"_links":{"self":[{"href":"https:\/\/tukiry.net\/index.php?rest_route=\/wp\/v2\/pages\/662","targetHints":{"allow":["GET"]}}],"collection":[{"href":"https:\/\/tukiry.net\/index.php?rest_route=\/wp\/v2\/pages"}],"about":[{"href":"https:\/\/tukiry.net\/index.php?rest_route=\/wp\/v2\/types\/page"}],"author":[{"embeddable":true,"href":"https:\/\/tukiry.net\/index.php?rest_route=\/wp\/v2\/users\/1"}],"replies":[{"embeddable":true,"href":"https:\/\/tukiry.net\/index.php?rest_route=%2Fwp%2Fv2%2Fcomments&post=662"}],"version-history":[{"count":15,"href":"https:\/\/tukiry.net\/index.php?rest_route=\/wp\/v2\/pages\/662\/revisions"}],"predecessor-version":[{"id":781,"href":"https:\/\/tukiry.net\/index.php?rest_route=\/wp\/v2\/pages\/662\/revisions\/781"}],"wp:attachment":[{"href":"https:\/\/tukiry.net\/index.php?rest_route=%2Fwp%2Fv2%2Fmedia&parent=662"}],"curies":[{"name":"wp","href":"https:\/\/api.w.org\/{rel}","templated":true}]}}