{"id":300,"date":"2021-03-20T05:53:45","date_gmt":"2021-03-20T03:53:45","guid":{"rendered":"https:\/\/tukiry.net\/?page_id=300"},"modified":"2023-10-05T00:31:56","modified_gmt":"2023-10-04T21:31:56","slug":"harjoittelu","status":"publish","type":"page","link":"https:\/\/tukiry.net\/?page_id=300","title":{"rendered":"Harjoittelu"},"content":{"rendered":"\n<p><a href=\"https:\/\/tukiry.net\/wp-content\/uploads\/2023\/10\/Toimintaohjeet-Halvalan-300-m-kivaariradalla-harjoitteluun-vuonna-4_2023-3_2024.pdf\">Toimintaohjeet H\u00e4lv\u00e4l\u00e4n ampumaradalla harjoitteluun<\/a><\/p>\n\n\n\n<p><\/p>\n","protected":false},"excerpt":{"rendered":"<p>Toimintaohjeet H\u00e4lv\u00e4l\u00e4n ampumaradalla harjoitteluun<\/p>\n","protected":false},"author":1,"featured_media":312,"parent":0,"menu_order":0,"comment_status":"closed","ping_status":"closed","template":"","meta":{"footnotes":""},"class_list":["post-300","page","type-page","status-publish","has-post-thumbnail","hentry"],"_links":{"self":[{"href":"https:\/\/tukiry.net\/index.php?rest_route=\/wp\/v2\/pages\/300","targetHints":{"allow":["GET"]}}],"collection":[{"href":"https:\/\/tukiry.net\/index.php?rest_route=\/wp\/v2\/pages"}],"about":[{"href":"https:\/\/tukiry.net\/index.php?rest_route=\/wp\/v2\/types\/page"}],"author":[{"embeddable":true,"href":"https:\/\/tukiry.net\/index.php?rest_route=\/wp\/v2\/users\/1"}],"replies":[{"embeddable":true,"href":"https:\/\/tukiry.net\/index.php?rest_route=%2Fwp%2Fv2%2Fcomments&post=300"}],"version-history":[{"count":4,"href":"https:\/\/tukiry.net\/index.php?rest_route=\/wp\/v2\/pages\/300\/revisions"}],"predecessor-version":[{"id":521,"href":"https:\/\/tukiry.net\/index.php?rest_route=\/wp\/v2\/pages\/300\/revisions\/521"}],"wp:featuredmedia":[{"embeddable":true,"href":"https:\/\/tukiry.net\/index.php?rest_route=\/wp\/v2\/media\/312"}],"wp:attachment":[{"href":"https:\/\/tukiry.net\/index.php?rest_route=%2Fwp%2Fv2%2Fmedia&parent=300"}],"curies":[{"name":"wp","href":"https:\/\/api.w.org\/{rel}","templated":true}]}}