{"id":269,"date":"2021-03-20T04:27:40","date_gmt":"2021-03-20T02:27:40","guid":{"rendered":"https:\/\/tukiry.net\/?page_id=269"},"modified":"2025-02-13T17:42:50","modified_gmt":"2025-02-13T15:42:50","slug":"kokeilut-kurssit","status":"publish","type":"page","link":"https:\/\/tukiry.net\/?page_id=269","title":{"rendered":"Kokeilut \/ Kurssit"},"content":{"rendered":"\n<h2 class=\"wp-block-heading\">Lajitutustumiset<\/h2>\n\n\n\n<p>Seuraavat lajitutustumiset pidet\u00e4\u00e4n viikonloppuina kes\u00e4ll\u00e4 2025. Ilmoita kiinnostuksestasi alla olevan linkin kautta, niin saat heti tiedon s\u00e4hk\u00f6postitse, kun seuraavan tutustumistilaisuuden ajankohta on tiedossa ja ilmoittautuminen aukeaa. Lajitutustuminen kest\u00e4\u00e4 tavallisesti 3-4 h, sis\u00e4lt\u00e4\u00e4 erillisen teoria- ja ampumaosion. Teoria pidet\u00e4\u00e4n et\u00e4n\u00e4 ja ampumaosio Lahden H\u00e4lv\u00e4l\u00e4n 300 m radalla.<\/p>\n\n\n\n<div class=\"wp-block-columns is-layout-flex wp-container-core-columns-is-layout-9d6595d7 wp-block-columns-is-layout-flex\">\n<div class=\"wp-block-column is-layout-flow wp-block-column-is-layout-flow\" style=\"flex-basis:100%\">\n<div class=\"wp-block-buttons is-layout-flex wp-block-buttons-is-layout-flex\">\n<div class=\"wp-block-button is-style-outline is-style-outline--1\"><a class=\"wp-block-button__link wp-element-button\" href=\"https:\/\/forms.gle\/3K7R57rMQThKLhKb6\">OLEN KIINNOSTUNUT<\/a><\/div>\n<\/div>\n<\/div>\n<\/div>\n\n\n\n<h2 class=\"wp-block-heading\">Patruunoiden latauskurssi<\/h2>\n\n\n\n<p>Onnistuneen pilottitoteutuksen pohjalta yhdistyksen j\u00e4senille on tarkoitus j\u00e4rjest\u00e4\u00e4 patruunoiden j\u00e4lleenlataamisen alkeiskurssi. Tarkempi aikataulu ja sis\u00e4lt\u00f6 ilmoitetaan my\u00f6hemmin.<\/p>\n","protected":false},"excerpt":{"rendered":"<p>Lajitutustumiset Seuraavat lajitutustumiset pidet\u00e4\u00e4n viikonloppuina kes\u00e4ll\u00e4 2025. Ilmoita kiinnostuksestasi alla olevan linkin kautta, niin saat heti tiedon s\u00e4hk\u00f6postitse, kun seuraavan tutustumistilaisuuden ajankohta on tiedossa ja ilmoittautuminen aukeaa. Lajitutustuminen kest\u00e4\u00e4 tavallisesti 3-4 h, sis\u00e4lt\u00e4\u00e4 erillisen teoria- ja ampumaosion. Teoria pidet\u00e4\u00e4n et\u00e4n\u00e4 ja ampumaosio Lahden H\u00e4lv\u00e4l\u00e4n 300 m radalla. Patruunoiden latauskurssi Onnistuneen &hellip; <\/p>\n","protected":false},"author":1,"featured_media":313,"parent":0,"menu_order":0,"comment_status":"closed","ping_status":"closed","template":"","meta":{"footnotes":""},"class_list":["post-269","page","type-page","status-publish","has-post-thumbnail","hentry"],"_links":{"self":[{"href":"https:\/\/tukiry.net\/index.php?rest_route=\/wp\/v2\/pages\/269","targetHints":{"allow":["GET"]}}],"collection":[{"href":"https:\/\/tukiry.net\/index.php?rest_route=\/wp\/v2\/pages"}],"about":[{"href":"https:\/\/tukiry.net\/index.php?rest_route=\/wp\/v2\/types\/page"}],"author":[{"embeddable":true,"href":"https:\/\/tukiry.net\/index.php?rest_route=\/wp\/v2\/users\/1"}],"replies":[{"embeddable":true,"href":"https:\/\/tukiry.net\/index.php?rest_route=%2Fwp%2Fv2%2Fcomments&post=269"}],"version-history":[{"count":12,"href":"https:\/\/tukiry.net\/index.php?rest_route=\/wp\/v2\/pages\/269\/revisions"}],"predecessor-version":[{"id":731,"href":"https:\/\/tukiry.net\/index.php?rest_route=\/wp\/v2\/pages\/269\/revisions\/731"}],"wp:featuredmedia":[{"embeddable":true,"href":"https:\/\/tukiry.net\/index.php?rest_route=\/wp\/v2\/media\/313"}],"wp:attachment":[{"href":"https:\/\/tukiry.net\/index.php?rest_route=%2Fwp%2Fv2%2Fmedia&parent=269"}],"curies":[{"name":"wp","href":"https:\/\/api.w.org\/{rel}","templated":true}]}}