{"id":142,"date":"2016-11-21T17:59:38","date_gmt":"2016-11-21T17:59:38","guid":{"rendered":"https:\/\/raratheme.com\/preview\/pranayama-yoga\/?page_id=142"},"modified":"2025-04-14T22:39:19","modified_gmt":"2025-04-14T19:39:19","slug":"contact-us","status":"publish","type":"page","link":"https:\/\/tukiry.net\/?page_id=142","title":{"rendered":"Kew\u00e4t Pamaukset!"},"content":{"rendered":"\n<p>Kew\u00e4t Pamaus on yhdistyksen oma matalan kynnyksen avoin 300 m kiv\u00e4\u00e4rin kilpailu kaikille Suomen Ampumaurheiluliiton kilpailulisenssin tai Reservil\u00e4isliiton Toimintaturvan omaaville &#8211; my\u00f6s ampujille, joilla ei ole omaa asetta. Kilpailussa on kaksi kilpailua A ja B.<\/p>\n\n\n\n<p>A-kilpailun saa ampua joko vapaa- tai vakiokiv\u00e4\u00e4rill\u00e4. Sarjoja on yksi yhteinen kaikille ja ammutaan 40 kilpalaukausta makuulta ampuma-ajan ollessa on 1h. Ajan sis\u00e4ll\u00e4 saa ampua vapaavalintainen m\u00e4\u00e4r\u00e4 koelaukauksia.<\/p>\n\n\n\n<p>B-kilpailussa ei ole muita rajoitteita kuin, ett\u00e4 aseen oltava kiv\u00e4\u00e4ri, max kaliiperi 8 mm ja asetta ei saa kiinnitt\u00e4\u00e4 tukeen kiinte\u00e4sti (aseen p\u00e4\u00e4st\u00e4v\u00e4 liikkumaan) esim. bipod ja hiekkas\u00e4kki ovat sallittuja. Kilpailussa ammutaan 30 kilpalaukausta makuulta ja se sopii kaikille, niin mets\u00e4st\u00e4jille kuin reservil\u00e4isille. Ampuma-aika on 30 min sis\u00e4lt\u00e4en sek\u00e4 kilpalaukaukset ett\u00e4 koelaukaukset.<\/p>\n\n\n\n<p>Yhdistyksell\u00e4 on laina-aseita, joita saa tarvittaessa k\u00e4ytt\u00e4\u00e4. Kilpailut ammutaan H\u00e4lv\u00e4l\u00e4n ampumaurheilukeskuksessa (Lahdessa) 300 m radalla ja k\u00e4yt\u00f6ss\u00e4 on elektroniset taululaitteet.<\/p>\n\n\n\n<h2 class=\"wp-block-heading\">Kew\u00e4t Pamaus 2025<\/h2>\n\n\n\n<p>J\u00e4rjestyksess\u00e4\u00e4n kolmas Kew\u00e4t Pamaus j\u00e4rjestet\u00e4\u00e4n 12.4.2025. Kilpailu j\u00e4rjestet\u00e4\u00e4n vastaavalla ohjelmalla kuin vuonna 2024 eli perinteisen 300 m vakiokiv\u00e4\u00e4rin ja vapaakiv\u00e4\u00e4rin lis\u00e4ksi kilpaillaan eritt\u00e4in suositussa Avoimessa luokassa (B-kilpailu).<\/p>\n\n\n\n<p>Meill\u00e4 on ilo saada paikan p\u00e4\u00e4lle <a href=\"https:\/\/www.nordis.fi\/\">NorDis<\/a> ja <a href=\"https:\/\/www.lapua.com\">Lapua<\/a> sek\u00e4 <a href=\"https:\/\/www.trueaim.fi\">Trueaim<\/a>. NorDis on maamme johtavia maahantuonti- ja tukkuliikkeit\u00e4 ase- ja ampumatarvikealalla. Lapua on jo vuosikymmenten ajan valmistanut laadukkaita patruunoita ja komponentteja ampujille, joiden intohimona on tarkkuus. Trueaim on t\u00e4yden palvelun ase- ja er\u00e4liike, joka maahantuo laadukkaita urheiluaseita ja elektroniikkaa.<\/p>\n\n\n\n<div class=\"wp-block-buttons is-layout-flex wp-block-buttons-is-layout-flex\">\n<div class=\"wp-block-button is-style-outline is-style-outline--1\"><a class=\"wp-block-button__link wp-element-button\" href=\"https:\/\/tukiry.net\/wp-content\/uploads\/2025\/04\/Tulokset-Kewat-Pamaus-2025-nettiin.pdf\">TULOKSET<\/a><\/div>\n<\/div>\n\n\n\n<p><\/p>\n\n\n\n<figure class=\"wp-block-image size-large is-resized\"><a href=\"https:\/\/www.lapua.com\"><img loading=\"lazy\" decoding=\"async\" width=\"1024\" height=\"229\" src=\"https:\/\/tukiry.net\/wp-content\/uploads\/2025\/04\/Lapua_logo-1024x229.jpg\" alt=\"\" class=\"wp-image-734\" style=\"width:500px\" srcset=\"https:\/\/tukiry.net\/wp-content\/uploads\/2025\/04\/Lapua_logo-1024x229.jpg 1024w, https:\/\/tukiry.net\/wp-content\/uploads\/2025\/04\/Lapua_logo-300x67.jpg 300w, https:\/\/tukiry.net\/wp-content\/uploads\/2025\/04\/Lapua_logo-768x172.jpg 768w, https:\/\/tukiry.net\/wp-content\/uploads\/2025\/04\/Lapua_logo-1536x343.jpg 1536w, https:\/\/tukiry.net\/wp-content\/uploads\/2025\/04\/Lapua_logo.jpg 2000w\" sizes=\"auto, (max-width: 1024px) 100vw, 1024px\" \/><\/a><\/figure>\n\n\n\n<figure class=\"wp-block-image size-large is-resized\"><a href=\"https:\/\/www.nordis.fi\/\"><img loading=\"lazy\" decoding=\"async\" width=\"1024\" height=\"278\" src=\"https:\/\/tukiry.net\/wp-content\/uploads\/2025\/04\/NorDis_logo-1024x278.png\" alt=\"\" class=\"wp-image-736\" style=\"width:500px\" srcset=\"https:\/\/tukiry.net\/wp-content\/uploads\/2025\/04\/NorDis_logo-1024x278.png 1024w, https:\/\/tukiry.net\/wp-content\/uploads\/2025\/04\/NorDis_logo-300x82.png 300w, https:\/\/tukiry.net\/wp-content\/uploads\/2025\/04\/NorDis_logo-768x209.png 768w, https:\/\/tukiry.net\/wp-content\/uploads\/2025\/04\/NorDis_logo-1536x417.png 1536w, https:\/\/tukiry.net\/wp-content\/uploads\/2025\/04\/NorDis_logo-2048x557.png 2048w\" sizes=\"auto, (max-width: 1024px) 100vw, 1024px\" \/><\/a><\/figure>\n\n\n\n<figure class=\"wp-block-image size-full is-resized\"><a href=\"https:\/\/www.trueaim.fi\"><img loading=\"lazy\" decoding=\"async\" width=\"691\" height=\"694\" src=\"https:\/\/tukiry.net\/wp-content\/uploads\/2025\/04\/Trueaim_logo.png\" alt=\"\" class=\"wp-image-737\" style=\"width:202px;height:auto\" srcset=\"https:\/\/tukiry.net\/wp-content\/uploads\/2025\/04\/Trueaim_logo.png 691w, https:\/\/tukiry.net\/wp-content\/uploads\/2025\/04\/Trueaim_logo-300x300.png 300w, https:\/\/tukiry.net\/wp-content\/uploads\/2025\/04\/Trueaim_logo-150x150.png 150w, https:\/\/tukiry.net\/wp-content\/uploads\/2025\/04\/Trueaim_logo-83x83.png 83w, https:\/\/tukiry.net\/wp-content\/uploads\/2025\/04\/Trueaim_logo-59x59.png 59w, https:\/\/tukiry.net\/wp-content\/uploads\/2025\/04\/Trueaim_logo-60x60.png 60w\" sizes=\"auto, (max-width: 691px) 100vw, 691px\" \/><\/a><\/figure>\n\n\n\n<p><\/p>\n\n\n\n<h2 class=\"wp-block-heading\">Kew\u00e4t Pamaus 2024<\/h2>\n\n\n\n<p>J\u00e4rjestyksess\u00e4\u00e4n toinen Kew\u00e4t Pamaus j\u00e4rjestettiin 7.4.2024. Perinteisen 300 m vakiokiv\u00e4\u00e4rin ja vapaakiv\u00e4\u00e4rin lis\u00e4ksi nyt oli mahdollista kilpailla Avoimessa luokassa.<\/p>\n\n\n\n<p>Meill\u00e4 oli ilo saada Suomen suurin mets\u00e4stys- ja kalastusliike <strong>Ruoto<\/strong> ja <strong>Ensio FireArms<\/strong> paikan p\u00e4\u00e4lle kisoihin. Ruodolla on myynniss\u00e4 aseita ja varusteita mm. kiv\u00e4\u00e4riammuntaan, mets\u00e4stykseen ja practicaliin. Valikoimaan p\u00e4\u00e4set tutustumaan osoitteessa <a href=\"https:\/\/www.ruoto.fi\/fi\/\">www.ruoto.fi<\/a>. Ensio FireArms suunnittelee ja valmistaa aseita niin sotilas, reservil\u00e4is- kuin ampumaurheilu k\u00e4ytt\u00f6\u00f6n p\u00e4\u00e4tuotteenaan KAR-21 ja KAR-21A vaihtokaliiperiset kiv\u00e4\u00e4rit. Valikoimaan p\u00e4\u00e4set tutustumaan osoitteessa <a href=\"https:\/\/ensiofirearms.com\/\">www.ensiofirearms.com<\/a>.<\/p>\n\n\n\n<div class=\"wp-block-buttons is-layout-flex wp-block-buttons-is-layout-flex\">\n<div class=\"wp-block-button is-style-outline is-style-outline--2\"><a class=\"wp-block-button__link wp-element-button\" href=\"https:\/\/tukiry.net\/wp-content\/uploads\/2024\/04\/Kewat-Pamaus-2024-lopputulokset_nimet_lyhennetty.pdf\">TULOKSET<\/a><\/div>\n<\/div>\n\n\n\n<p><\/p>\n\n\n\n<figure class=\"wp-block-image size-full is-resized\"><a href=\"https:\/\/www.ruoto.fi\/\"><img loading=\"lazy\" decoding=\"async\" width=\"960\" height=\"416\" src=\"https:\/\/tukiry.net\/wp-content\/uploads\/2024\/03\/Ruoto-logo.jpg\" alt=\"\" class=\"wp-image-615\" style=\"width:700px\" srcset=\"https:\/\/tukiry.net\/wp-content\/uploads\/2024\/03\/Ruoto-logo.jpg 960w, https:\/\/tukiry.net\/wp-content\/uploads\/2024\/03\/Ruoto-logo-300x130.jpg 300w, https:\/\/tukiry.net\/wp-content\/uploads\/2024\/03\/Ruoto-logo-768x333.jpg 768w\" sizes=\"auto, (max-width: 960px) 100vw, 960px\" \/><\/a><\/figure>\n\n\n\n<figure class=\"wp-block-image size-full is-resized\"><a href=\"https:\/\/ensiofirearms.com\"><img loading=\"lazy\" decoding=\"async\" width=\"960\" height=\"416\" src=\"https:\/\/tukiry.net\/wp-content\/uploads\/2024\/03\/EnsioFirearms-logo.png\" alt=\"\" class=\"wp-image-640\" style=\"width:700px\" srcset=\"https:\/\/tukiry.net\/wp-content\/uploads\/2024\/03\/EnsioFirearms-logo.png 960w, https:\/\/tukiry.net\/wp-content\/uploads\/2024\/03\/EnsioFirearms-logo-300x130.png 300w, https:\/\/tukiry.net\/wp-content\/uploads\/2024\/03\/EnsioFirearms-logo-768x333.png 768w\" sizes=\"auto, (max-width: 960px) 100vw, 960px\" \/><\/a><\/figure>\n\n\n\n<p><\/p>\n\n\n\n<h2 class=\"wp-block-heading\">Kew\u00e4t Pamaus 2023<\/h2>\n\n\n\n<p>Ensimm\u00e4inen koskaan j\u00e4rjestetty Kew\u00e4t Pamaus 26.3.2023 oli menestys niin osallistujam\u00e4\u00e4r\u00e4n, j\u00e4rjestelyjen ja tyytyv\u00e4isyyden mukaan. Kiv\u00e4\u00e4rin kuninkuuslajissa kilpailtiin hankien keskell\u00e4 l\u00e4mmitetyss\u00e4 ampumakatoksessa hyv\u00e4n ruuan ja ilmapiirin kera. T\u00e4st\u00e4 tullee perinne.<br><\/p>\n\n\n\n<div class=\"wp-block-buttons is-layout-flex wp-block-buttons-is-layout-flex\">\n<div class=\"wp-block-button is-style-outline is-style-outline--3\"><a class=\"wp-block-button__link wp-element-button\" href=\"https:\/\/tukiry.net\/wp-content\/uploads\/2023\/03\/Kewat-Pamaus-2023-lopputulokset.pdf\">TULOKSET<\/a><\/div>\n<\/div>\n","protected":false},"excerpt":{"rendered":"<p>Kew\u00e4t Pamaus on yhdistyksen oma matalan kynnyksen avoin 300 m kiv\u00e4\u00e4rin kilpailu kaikille Suomen Ampumaurheiluliiton kilpailulisenssin tai Reservil\u00e4isliiton Toimintaturvan omaaville &#8211; my\u00f6s ampujille, joilla ei ole omaa asetta. Kilpailussa on kaksi kilpailua A ja B. A-kilpailun saa ampua joko vapaa- tai vakiokiv\u00e4\u00e4rill\u00e4. Sarjoja on yksi yhteinen kaikille ja ammutaan 40 &hellip; <\/p>\n","protected":false},"author":1,"featured_media":434,"parent":0,"menu_order":0,"comment_status":"closed","ping_status":"closed","template":"","meta":{"footnotes":""},"class_list":["post-142","page","type-page","status-publish","has-post-thumbnail","hentry"],"_links":{"self":[{"href":"https:\/\/tukiry.net\/index.php?rest_route=\/wp\/v2\/pages\/142","targetHints":{"allow":["GET"]}}],"collection":[{"href":"https:\/\/tukiry.net\/index.php?rest_route=\/wp\/v2\/pages"}],"about":[{"href":"https:\/\/tukiry.net\/index.php?rest_route=\/wp\/v2\/types\/page"}],"author":[{"embeddable":true,"href":"https:\/\/tukiry.net\/index.php?rest_route=\/wp\/v2\/users\/1"}],"replies":[{"embeddable":true,"href":"https:\/\/tukiry.net\/index.php?rest_route=%2Fwp%2Fv2%2Fcomments&post=142"}],"version-history":[{"count":43,"href":"https:\/\/tukiry.net\/index.php?rest_route=\/wp\/v2\/pages\/142\/revisions"}],"predecessor-version":[{"id":761,"href":"https:\/\/tukiry.net\/index.php?rest_route=\/wp\/v2\/pages\/142\/revisions\/761"}],"wp:featuredmedia":[{"embeddable":true,"href":"https:\/\/tukiry.net\/index.php?rest_route=\/wp\/v2\/media\/434"}],"wp:attachment":[{"href":"https:\/\/tukiry.net\/index.php?rest_route=%2Fwp%2Fv2%2Fmedia&parent=142"}],"curies":[{"name":"wp","href":"https:\/\/api.w.org\/{rel}","templated":true}]}}